{"id":18042,"date":"2020-07-20T05:20:28","date_gmt":"2020-07-20T05:20:28","guid":{"rendered":"https:\/\/mark-wedell.com\/about-mark-wedell\/"},"modified":"2026-03-25T15:19:34","modified_gmt":"2026-03-25T15:19:34","slug":"om-os","status":"publish","type":"page","link":"https:\/\/mark-wedell.com\/da\/om-os\/","title":{"rendered":"Om Mark &#038; Wedell"},"content":{"rendered":"","protected":false},"excerpt":{"rendered":"","protected":false},"author":1,"featured_media":0,"parent":0,"menu_order":0,"comment_status":"closed","ping_status":"closed","template":"template-flexible-content.php","meta":{"_acf_changed":false,"footnotes":""},"acf":[],"yoast_head":"<!-- This site is optimized with the Yoast SEO plugin v23.5 - https:\/\/yoast.com\/wordpress\/plugins\/seo\/ -->\n<title>Om Mark &amp; Wedell \u2022 50 \u00e5r med teori, teknik og produktion<\/title>\n<meta name=\"description\" content=\"Mark &amp; Wedell designer l\u00f8sninger til maskiner, m\u00e5leinstrumenter og partikelanalyse, brugt i bl.a. minedrift, forarbejdning og energiproduktion\" \/>\n<meta name=\"robots\" content=\"index, follow, max-snippet:-1, max-image-preview:large, max-video-preview:-1\" \/>\n<link rel=\"canonical\" href=\"https:\/\/mark-wedell.com\/da\/om-os\/\" \/>\n<meta property=\"og:locale\" content=\"da_DK\" \/>\n<meta property=\"og:type\" content=\"article\" \/>\n<meta property=\"og:title\" content=\"Om Mark &amp; Wedell \u2022 50 \u00e5r med teori, teknik og produktion\" \/>\n<meta property=\"og:description\" content=\"Mark &amp; Wedell designer l\u00f8sninger til maskiner, m\u00e5leinstrumenter og partikelanalyse, brugt i bl.a. minedrift, forarbejdning og energiproduktion\" \/>\n<meta property=\"og:url\" content=\"https:\/\/mark-wedell.com\/da\/om-os\/\" \/>\n<meta property=\"og:site_name\" content=\"Mark &amp; Wedell\" \/>\n<meta property=\"article:modified_time\" content=\"2026-03-25T15:19:34+00:00\" \/>\n<meta name=\"twitter:card\" content=\"summary_large_image\" \/>\n<script type=\"application\/ld+json\" class=\"yoast-schema-graph\">{\"@context\":\"https:\/\/schema.org\",\"@graph\":[{\"@type\":\"WebPage\",\"@id\":\"https:\/\/mark-wedell.com\/da\/om-os\/\",\"url\":\"https:\/\/mark-wedell.com\/da\/om-os\/\",\"name\":\"Om Mark & Wedell \u2022 50 \u00e5r med teori, teknik og produktion\",\"isPartOf\":{\"@id\":\"https:\/\/mark-wedell.com\/da\/#website\"},\"datePublished\":\"2020-07-20T05:20:28+00:00\",\"dateModified\":\"2026-03-25T15:19:34+00:00\",\"description\":\"Mark & Wedell designer l\u00f8sninger til maskiner, m\u00e5leinstrumenter og partikelanalyse, brugt i bl.a. minedrift, forarbejdning og energiproduktion\",\"breadcrumb\":{\"@id\":\"https:\/\/mark-wedell.com\/da\/om-os\/#breadcrumb\"},\"inLanguage\":\"da-DK\",\"potentialAction\":[{\"@type\":\"ReadAction\",\"target\":[\"https:\/\/mark-wedell.com\/da\/om-os\/\"]}]},{\"@type\":\"BreadcrumbList\",\"@id\":\"https:\/\/mark-wedell.com\/da\/om-os\/#breadcrumb\",\"itemListElement\":[{\"@type\":\"ListItem\",\"position\":1,\"name\":\"Home\",\"item\":\"https:\/\/mark-wedell.com\/da\/\"},{\"@type\":\"ListItem\",\"position\":2,\"name\":\"Om Mark &#038; Wedell\"}]},{\"@type\":\"WebSite\",\"@id\":\"https:\/\/mark-wedell.com\/da\/#website\",\"url\":\"https:\/\/mark-wedell.com\/da\/\",\"name\":\"Mark & Wedell\",\"description\":\"Mark &amp; Wedell\",\"publisher\":{\"@id\":\"https:\/\/mark-wedell.com\/da\/#organization\"},\"potentialAction\":[{\"@type\":\"SearchAction\",\"target\":{\"@type\":\"EntryPoint\",\"urlTemplate\":\"https:\/\/mark-wedell.com\/da\/?s={search_term_string}\"},\"query-input\":{\"@type\":\"PropertyValueSpecification\",\"valueRequired\":true,\"valueName\":\"search_term_string\"}}],\"inLanguage\":\"da-DK\"},{\"@type\":\"Organization\",\"@id\":\"https:\/\/mark-wedell.com\/da\/#organization\",\"name\":\"Mark & Wedell A\/S\",\"alternateName\":\"M&W\",\"url\":\"https:\/\/mark-wedell.com\/da\/\",\"logo\":{\"@type\":\"ImageObject\",\"inLanguage\":\"da-DK\",\"@id\":\"https:\/\/mark-wedell.com\/da\/#\/schema\/logo\/image\/\",\"url\":\"https:\/\/mark-wedell.com\/wp-content\/uploads\/2020\/07\/mark_wedel_logo.png\",\"contentUrl\":\"https:\/\/mark-wedell.com\/wp-content\/uploads\/2020\/07\/mark_wedel_logo.png\",\"width\":113,\"height\":67,\"caption\":\"Mark & Wedell A\/S\"},\"image\":{\"@id\":\"https:\/\/mark-wedell.com\/da\/#\/schema\/logo\/image\/\"},\"sameAs\":[\"https:\/\/www.linkedin.com\/company\/mark-wedell-a-s\"]}]}<\/script>\n<!-- \/ Yoast SEO plugin. -->","yoast_head_json":{"title":"Om Mark & Wedell \u2022 50 \u00e5r med teori, teknik og produktion","description":"Mark & Wedell designer l\u00f8sninger til maskiner, m\u00e5leinstrumenter og partikelanalyse, brugt i bl.a. minedrift, forarbejdning og energiproduktion","robots":{"index":"index","follow":"follow","max-snippet":"max-snippet:-1","max-image-preview":"max-image-preview:large","max-video-preview":"max-video-preview:-1"},"canonical":"https:\/\/mark-wedell.com\/da\/om-os\/","og_locale":"da_DK","og_type":"article","og_title":"Om Mark & Wedell \u2022 50 \u00e5r med teori, teknik og produktion","og_description":"Mark & Wedell designer l\u00f8sninger til maskiner, m\u00e5leinstrumenter og partikelanalyse, brugt i bl.a. minedrift, forarbejdning og energiproduktion","og_url":"https:\/\/mark-wedell.com\/da\/om-os\/","og_site_name":"Mark &amp; Wedell","article_modified_time":"2026-03-25T15:19:34+00:00","twitter_card":"summary_large_image","schema":{"@context":"https:\/\/schema.org","@graph":[{"@type":"WebPage","@id":"https:\/\/mark-wedell.com\/da\/om-os\/","url":"https:\/\/mark-wedell.com\/da\/om-os\/","name":"Om Mark & Wedell \u2022 50 \u00e5r med teori, teknik og produktion","isPartOf":{"@id":"https:\/\/mark-wedell.com\/da\/#website"},"datePublished":"2020-07-20T05:20:28+00:00","dateModified":"2026-03-25T15:19:34+00:00","description":"Mark & Wedell designer l\u00f8sninger til maskiner, m\u00e5leinstrumenter og partikelanalyse, brugt i bl.a. minedrift, forarbejdning og energiproduktion","breadcrumb":{"@id":"https:\/\/mark-wedell.com\/da\/om-os\/#breadcrumb"},"inLanguage":"da-DK","potentialAction":[{"@type":"ReadAction","target":["https:\/\/mark-wedell.com\/da\/om-os\/"]}]},{"@type":"BreadcrumbList","@id":"https:\/\/mark-wedell.com\/da\/om-os\/#breadcrumb","itemListElement":[{"@type":"ListItem","position":1,"name":"Home","item":"https:\/\/mark-wedell.com\/da\/"},{"@type":"ListItem","position":2,"name":"Om Mark &#038; Wedell"}]},{"@type":"WebSite","@id":"https:\/\/mark-wedell.com\/da\/#website","url":"https:\/\/mark-wedell.com\/da\/","name":"Mark & Wedell","description":"Mark &amp; Wedell","publisher":{"@id":"https:\/\/mark-wedell.com\/da\/#organization"},"potentialAction":[{"@type":"SearchAction","target":{"@type":"EntryPoint","urlTemplate":"https:\/\/mark-wedell.com\/da\/?s={search_term_string}"},"query-input":{"@type":"PropertyValueSpecification","valueRequired":true,"valueName":"search_term_string"}}],"inLanguage":"da-DK"},{"@type":"Organization","@id":"https:\/\/mark-wedell.com\/da\/#organization","name":"Mark & Wedell A\/S","alternateName":"M&W","url":"https:\/\/mark-wedell.com\/da\/","logo":{"@type":"ImageObject","inLanguage":"da-DK","@id":"https:\/\/mark-wedell.com\/da\/#\/schema\/logo\/image\/","url":"https:\/\/mark-wedell.com\/wp-content\/uploads\/2020\/07\/mark_wedel_logo.png","contentUrl":"https:\/\/mark-wedell.com\/wp-content\/uploads\/2020\/07\/mark_wedel_logo.png","width":113,"height":67,"caption":"Mark & Wedell A\/S"},"image":{"@id":"https:\/\/mark-wedell.com\/da\/#\/schema\/logo\/image\/"},"sameAs":["https:\/\/www.linkedin.com\/company\/mark-wedell-a-s"]}]}},"_links":{"self":[{"href":"https:\/\/mark-wedell.com\/da\/wp-json\/wp\/v2\/pages\/18042"}],"collection":[{"href":"https:\/\/mark-wedell.com\/da\/wp-json\/wp\/v2\/pages"}],"about":[{"href":"https:\/\/mark-wedell.com\/da\/wp-json\/wp\/v2\/types\/page"}],"author":[{"embeddable":true,"href":"https:\/\/mark-wedell.com\/da\/wp-json\/wp\/v2\/users\/1"}],"replies":[{"embeddable":true,"href":"https:\/\/mark-wedell.com\/da\/wp-json\/wp\/v2\/comments?post=18042"}],"version-history":[{"count":11,"href":"https:\/\/mark-wedell.com\/da\/wp-json\/wp\/v2\/pages\/18042\/revisions"}],"predecessor-version":[{"id":49234,"href":"https:\/\/mark-wedell.com\/da\/wp-json\/wp\/v2\/pages\/18042\/revisions\/49234"}],"wp:attachment":[{"href":"https:\/\/mark-wedell.com\/da\/wp-json\/wp\/v2\/media?parent=18042"}],"curies":[{"name":"wp","href":"https:\/\/api.w.org\/{rel}","templated":true}]}}